{"id":42,"date":"2026-03-19T00:12:44","date_gmt":"2026-03-19T00:12:44","guid":{"rendered":"https:\/\/debienconcept.com\/?page_id=42"},"modified":"2026-03-28T17:06:43","modified_gmt":"2026-03-28T17:06:43","slug":"contact","status":"publish","type":"page","link":"https:\/\/debienconcept.com\/?page_id=42","title":{"rendered":"Contact"},"content":{"rendered":"\t\t<div data-elementor-type=\"wp-page\" data-elementor-id=\"42\" class=\"elementor elementor-42\" data-elementor-post-type=\"page\">\n\t\t\t\t<div class=\"elementor-element elementor-element-2b63434 e-flex e-con-boxed e-con e-parent\" data-id=\"2b63434\" data-element_type=\"container\" data-e-type=\"container\" data-settings=\"{&quot;background_background&quot;:&quot;classic&quot;}\">\n\t\t\t\t\t<div class=\"e-con-inner\">\n\t\t<div class=\"elementor-element elementor-element-e704b94 e-con-full e-flex e-con e-child\" data-id=\"e704b94\" data-element_type=\"container\" data-e-type=\"container\" data-settings=\"{&quot;background_background&quot;:&quot;classic&quot;}\">\n\t\t<div class=\"elementor-element elementor-element-6a8bb2c e-con-full e-flex e-con e-child\" data-id=\"6a8bb2c\" data-element_type=\"container\" data-e-type=\"container\" data-settings=\"{&quot;background_background&quot;:&quot;classic&quot;}\">\n\t\t<div class=\"elementor-element elementor-element-bcea5f7 e-con-full e-flex e-con e-child\" data-id=\"bcea5f7\" data-element_type=\"container\" data-e-type=\"container\">\n\t\t\t\t<div class=\"elementor-element elementor-element-527e4bf elementor-widget-tablet__width-initial elementor-widget-divider--view-line elementor-widget elementor-widget-divider\" data-id=\"527e4bf\" data-element_type=\"widget\" data-e-type=\"widget\" data-widget_type=\"divider.default\">\n\t\t\t\t\t\t\t<div class=\"elementor-divider\">\n\t\t\t<span class=\"elementor-divider-separator\">\n\t\t\t\t\t\t<\/span>\n\t\t<\/div>\n\t\t\t\t\t\t<\/div>\n\t\t\t\t<div class=\"elementor-element elementor-element-70dcbdb elementor-widget elementor-widget-text-editor\" data-id=\"70dcbdb\" data-element_type=\"widget\" data-e-type=\"widget\" data-widget_type=\"text-editor.default\">\n\t\t\t\t\t\t\t\t\t<p>Parlons de<br \/><span style=\"color: #c7811a;\">ta vision?<\/span><\/p>\t\t\t\t\t\t\t\t<\/div>\n\t\t\t\t<div class=\"elementor-element elementor-element-d71f717 elementor-widget elementor-widget-text-editor\" data-id=\"d71f717\" data-element_type=\"widget\" data-e-type=\"widget\" data-widget_type=\"text-editor.default\">\n\t\t\t\t\t\t\t\t\t<p>Clart\u00e9. Direction. Prochaine \u00e9tape.<\/p>\t\t\t\t\t\t\t\t<\/div>\n\t\t\t\t<\/div>\n\t\t\t\t<\/div>\n\t\t\t\t<\/div>\n\t\t\t\t\t<\/div>\n\t\t\t\t<\/div>\n\t\t<div class=\"elementor-element elementor-element-4363a23 e-flex e-con-boxed e-con e-parent\" data-id=\"4363a23\" data-element_type=\"container\" data-e-type=\"container\">\n\t\t\t\t\t<div class=\"e-con-inner\">\n\t\t\t\t<div class=\"elementor-element elementor-element-7cee98d elementor-widget elementor-widget-html\" data-id=\"7cee98d\" data-element_type=\"widget\" data-e-type=\"widget\" data-widget_type=\"html.default\">\n\t\t\t\t\t<!-- D\u00e9but de widget en ligne Calendly -->\r\n<div class=\"calendly-inline-widget\" data-url=\"https:\/\/calendly.com\/emric-debien\/clarte\" style=\"min-width:320px;height:700px;\"><\/div>\r\n<script type=\"text\/javascript\" src=\"https:\/\/assets.calendly.com\/assets\/external\/widget.js\" async><\/script>\r\n<!-- Fin de widget en ligne Calendly -->\t\t\t\t<\/div>\n\t\t\t\t\t<\/div>\n\t\t\t\t<\/div>\n\t\t<div class=\"elementor-element elementor-element-0452b2d e-flex e-con-boxed e-con e-parent\" data-id=\"0452b2d\" data-element_type=\"container\" data-e-type=\"container\" data-settings=\"{&quot;background_background&quot;:&quot;classic&quot;}\">\n\t\t\t\t\t<div class=\"e-con-inner\">\n\t\t<div class=\"elementor-element elementor-element-63c82d5 e-flex e-con-boxed e-con e-child\" data-id=\"63c82d5\" data-element_type=\"container\" data-e-type=\"container\" data-settings=\"{&quot;background_background&quot;:&quot;classic&quot;}\">\n\t\t\t\t\t<div class=\"e-con-inner\">\n\t\t\t\t<div class=\"elementor-element elementor-element-03a87d3 elementor-widget elementor-widget-text-editor\" data-id=\"03a87d3\" data-element_type=\"widget\" data-e-type=\"widget\" data-widget_type=\"text-editor.default\">\n\t\t\t\t\t\t\t\t\t<p>Pas encore pr\u00eat pour un appel ? \u00c9cris-moi directement.<\/p>\t\t\t\t\t\t\t\t<\/div>\n\t\t<div class=\"elementor-element elementor-element-2050fcc e-con-full e-flex e-con e-child\" data-id=\"2050fcc\" data-element_type=\"container\" data-e-type=\"container\">\n\t\t\t\t<div class=\"elementor-element elementor-element-5d695ee elementor-mobile-align-center elementor-align-center elementor-widget elementor-widget-button\" data-id=\"5d695ee\" data-element_type=\"widget\" data-e-type=\"widget\" data-widget_type=\"button.default\">\n\t\t\t\t\t\t\t\t\t\t<a class=\"elementor-button elementor-button-link elementor-size-sm\" href=\"mailto:emric@debienconcept.com\" target=\"_blank\">\n\t\t\t\t\t\t<span class=\"elementor-button-content-wrapper\">\n\t\t\t\t\t\t<span class=\"elementor-button-icon\">\n\t\t\t\t<svg aria-hidden=\"true\" class=\"e-font-icon-svg e-fas-arrow-right\" viewBox=\"0 0 448 512\" xmlns=\"http:\/\/www.w3.org\/2000\/svg\"><path d=\"M190.5 66.9l22.2-22.2c9.4-9.4 24.6-9.4 33.9 0L441 239c9.4 9.4 9.4 24.6 0 33.9L246.6 467.3c-9.4 9.4-24.6 9.4-33.9 0l-22.2-22.2c-9.5-9.5-9.3-25 .4-34.3L311.4 296H24c-13.3 0-24-10.7-24-24v-32c0-13.3 10.7-24 24-24h287.4L190.9 101.2c-9.8-9.3-10-24.8-.4-34.3z\"><\/path><\/svg>\t\t\t<\/span>\n\t\t\t\t\t\t\t\t\t<span class=\"elementor-button-text\">emric@debienconcept.com<\/span>\n\t\t\t\t\t<\/span>\n\t\t\t\t\t<\/a>\n\t\t\t\t\t\t\t\t<\/div>\n\t\t\t\t<\/div>\n\t\t\t\t\t<\/div>\n\t\t\t\t<\/div>\n\t\t\t\t\t<\/div>\n\t\t\t\t<\/div>\n\t\t\t\t<\/div>\n\t\t","protected":false},"excerpt":{"rendered":"<p>Parlons deta vision? Clart\u00e9. Direction. Prochaine \u00e9tape. Pas encore pr\u00eat pour un appel ? \u00c9cris-moi directement. emric@debienconcept.com<\/p>\n","protected":false},"author":1,"featured_media":46,"parent":65,"menu_order":0,"comment_status":"closed","ping_status":"closed","template":"elementor_header_footer","meta":{"footnotes":""},"class_list":["post-42","page","type-page","status-publish","has-post-thumbnail","hentry"],"yoast_head":"<!-- This site is optimized with the Yoast SEO plugin v27.2 - https:\/\/yoast.com\/product\/yoast-seo-wordpress\/ -->\n<title>Contact - Debien Concept<\/title>\n<meta name=\"robots\" content=\"index, follow, max-snippet:-1, max-image-preview:large, max-video-preview:-1\" \/>\n<link rel=\"canonical\" href=\"https:\/\/debienconcept.com\/?page_id=42\" \/>\n<meta property=\"og:locale\" content=\"en_US\" \/>\n<meta property=\"og:type\" content=\"article\" \/>\n<meta property=\"og:title\" content=\"Contact - Debien Concept\" \/>\n<meta property=\"og:description\" content=\"Parlons deta vision? Clart\u00e9. Direction. Prochaine \u00e9tape. Pas encore pr\u00eat pour un appel ? \u00c9cris-moi directement. emric@debienconcept.com\" \/>\n<meta property=\"og:url\" content=\"https:\/\/debienconcept.com\/?page_id=42\" \/>\n<meta property=\"og:site_name\" content=\"Debien Concept\" \/>\n<meta property=\"article:modified_time\" content=\"2026-03-28T17:06:43+00:00\" \/>\n<meta property=\"og:image\" content=\"https:\/\/debienconcept.com\/wp-content\/uploads\/2026\/03\/Contact.jpg\" \/>\n\t<meta property=\"og:image:width\" content=\"400\" \/>\n\t<meta property=\"og:image:height\" content=\"380\" \/>\n\t<meta property=\"og:image:type\" content=\"image\/jpeg\" \/>\n<meta name=\"twitter:card\" content=\"summary_large_image\" \/>\n<script type=\"application\/ld+json\" class=\"yoast-schema-graph\">{\"@context\":\"https:\/\/schema.org\",\"@graph\":[{\"@type\":\"WebPage\",\"@id\":\"https:\/\/debienconcept.com\/?page_id=42\",\"url\":\"https:\/\/debienconcept.com\/?page_id=42\",\"name\":\"Contact - Debien Concept\",\"isPartOf\":{\"@id\":\"https:\/\/debienconcept.com\/#website\"},\"primaryImageOfPage\":{\"@id\":\"https:\/\/debienconcept.com\/?page_id=42#primaryimage\"},\"image\":{\"@id\":\"https:\/\/debienconcept.com\/?page_id=42#primaryimage\"},\"thumbnailUrl\":\"https:\/\/debienconcept.com\/wp-content\/uploads\/2026\/03\/Contact.jpg\",\"datePublished\":\"2026-03-19T00:12:44+00:00\",\"dateModified\":\"2026-03-28T17:06:43+00:00\",\"breadcrumb\":{\"@id\":\"https:\/\/debienconcept.com\/?page_id=42#breadcrumb\"},\"inLanguage\":\"en-US\",\"potentialAction\":[{\"@type\":\"ReadAction\",\"target\":[\"https:\/\/debienconcept.com\/?page_id=42\"]}]},{\"@type\":\"ImageObject\",\"inLanguage\":\"en-US\",\"@id\":\"https:\/\/debienconcept.com\/?page_id=42#primaryimage\",\"url\":\"https:\/\/debienconcept.com\/wp-content\/uploads\/2026\/03\/Contact.jpg\",\"contentUrl\":\"https:\/\/debienconcept.com\/wp-content\/uploads\/2026\/03\/Contact.jpg\",\"width\":400,\"height\":380},{\"@type\":\"BreadcrumbList\",\"@id\":\"https:\/\/debienconcept.com\/?page_id=42#breadcrumb\",\"itemListElement\":[{\"@type\":\"ListItem\",\"position\":1,\"name\":\"Home\",\"item\":\"https:\/\/debienconcept.com\/\"},{\"@type\":\"ListItem\",\"position\":2,\"name\":\"Accueil\",\"item\":\"https:\/\/debienconcept.com\/\"},{\"@type\":\"ListItem\",\"position\":3,\"name\":\"Contact\"}]},{\"@type\":\"WebSite\",\"@id\":\"https:\/\/debienconcept.com\/#website\",\"url\":\"https:\/\/debienconcept.com\/\",\"name\":\"Debien Concept\",\"description\":\"\",\"publisher\":{\"@id\":\"https:\/\/debienconcept.com\/#organization\"},\"potentialAction\":[{\"@type\":\"SearchAction\",\"target\":{\"@type\":\"EntryPoint\",\"urlTemplate\":\"https:\/\/debienconcept.com\/?s={search_term_string}\"},\"query-input\":{\"@type\":\"PropertyValueSpecification\",\"valueRequired\":true,\"valueName\":\"search_term_string\"}}],\"inLanguage\":\"en-US\"},{\"@type\":\"Organization\",\"@id\":\"https:\/\/debienconcept.com\/#organization\",\"name\":\"Debien Concept\",\"url\":\"https:\/\/debienconcept.com\/\",\"logo\":{\"@type\":\"ImageObject\",\"inLanguage\":\"en-US\",\"@id\":\"https:\/\/debienconcept.com\/#\/schema\/logo\/image\/\",\"url\":\"https:\/\/debienconcept.com\/wp-content\/uploads\/2026\/03\/lOGO-Debien-Concept-2.0-1.png\",\"contentUrl\":\"https:\/\/debienconcept.com\/wp-content\/uploads\/2026\/03\/lOGO-Debien-Concept-2.0-1.png\",\"width\":520,\"height\":520,\"caption\":\"Debien Concept\"},\"image\":{\"@id\":\"https:\/\/debienconcept.com\/#\/schema\/logo\/image\/\"}}]}<\/script>\n<!-- \/ Yoast SEO plugin. -->","yoast_head_json":{"title":"Contact - Debien Concept","robots":{"index":"index","follow":"follow","max-snippet":"max-snippet:-1","max-image-preview":"max-image-preview:large","max-video-preview":"max-video-preview:-1"},"canonical":"https:\/\/debienconcept.com\/?page_id=42","og_locale":"en_US","og_type":"article","og_title":"Contact - Debien Concept","og_description":"Parlons deta vision? Clart\u00e9. Direction. Prochaine \u00e9tape. Pas encore pr\u00eat pour un appel ? \u00c9cris-moi directement. emric@debienconcept.com","og_url":"https:\/\/debienconcept.com\/?page_id=42","og_site_name":"Debien Concept","article_modified_time":"2026-03-28T17:06:43+00:00","og_image":[{"width":400,"height":380,"url":"https:\/\/debienconcept.com\/wp-content\/uploads\/2026\/03\/Contact.jpg","type":"image\/jpeg"}],"twitter_card":"summary_large_image","schema":{"@context":"https:\/\/schema.org","@graph":[{"@type":"WebPage","@id":"https:\/\/debienconcept.com\/?page_id=42","url":"https:\/\/debienconcept.com\/?page_id=42","name":"Contact - Debien Concept","isPartOf":{"@id":"https:\/\/debienconcept.com\/#website"},"primaryImageOfPage":{"@id":"https:\/\/debienconcept.com\/?page_id=42#primaryimage"},"image":{"@id":"https:\/\/debienconcept.com\/?page_id=42#primaryimage"},"thumbnailUrl":"https:\/\/debienconcept.com\/wp-content\/uploads\/2026\/03\/Contact.jpg","datePublished":"2026-03-19T00:12:44+00:00","dateModified":"2026-03-28T17:06:43+00:00","breadcrumb":{"@id":"https:\/\/debienconcept.com\/?page_id=42#breadcrumb"},"inLanguage":"en-US","potentialAction":[{"@type":"ReadAction","target":["https:\/\/debienconcept.com\/?page_id=42"]}]},{"@type":"ImageObject","inLanguage":"en-US","@id":"https:\/\/debienconcept.com\/?page_id=42#primaryimage","url":"https:\/\/debienconcept.com\/wp-content\/uploads\/2026\/03\/Contact.jpg","contentUrl":"https:\/\/debienconcept.com\/wp-content\/uploads\/2026\/03\/Contact.jpg","width":400,"height":380},{"@type":"BreadcrumbList","@id":"https:\/\/debienconcept.com\/?page_id=42#breadcrumb","itemListElement":[{"@type":"ListItem","position":1,"name":"Home","item":"https:\/\/debienconcept.com\/"},{"@type":"ListItem","position":2,"name":"Accueil","item":"https:\/\/debienconcept.com\/"},{"@type":"ListItem","position":3,"name":"Contact"}]},{"@type":"WebSite","@id":"https:\/\/debienconcept.com\/#website","url":"https:\/\/debienconcept.com\/","name":"Debien Concept","description":"","publisher":{"@id":"https:\/\/debienconcept.com\/#organization"},"potentialAction":[{"@type":"SearchAction","target":{"@type":"EntryPoint","urlTemplate":"https:\/\/debienconcept.com\/?s={search_term_string}"},"query-input":{"@type":"PropertyValueSpecification","valueRequired":true,"valueName":"search_term_string"}}],"inLanguage":"en-US"},{"@type":"Organization","@id":"https:\/\/debienconcept.com\/#organization","name":"Debien Concept","url":"https:\/\/debienconcept.com\/","logo":{"@type":"ImageObject","inLanguage":"en-US","@id":"https:\/\/debienconcept.com\/#\/schema\/logo\/image\/","url":"https:\/\/debienconcept.com\/wp-content\/uploads\/2026\/03\/lOGO-Debien-Concept-2.0-1.png","contentUrl":"https:\/\/debienconcept.com\/wp-content\/uploads\/2026\/03\/lOGO-Debien-Concept-2.0-1.png","width":520,"height":520,"caption":"Debien Concept"},"image":{"@id":"https:\/\/debienconcept.com\/#\/schema\/logo\/image\/"}}]}},"_links":{"self":[{"href":"https:\/\/debienconcept.com\/index.php?rest_route=\/wp\/v2\/pages\/42","targetHints":{"allow":["GET"]}}],"collection":[{"href":"https:\/\/debienconcept.com\/index.php?rest_route=\/wp\/v2\/pages"}],"about":[{"href":"https:\/\/debienconcept.com\/index.php?rest_route=\/wp\/v2\/types\/page"}],"author":[{"embeddable":true,"href":"https:\/\/debienconcept.com\/index.php?rest_route=\/wp\/v2\/users\/1"}],"replies":[{"embeddable":true,"href":"https:\/\/debienconcept.com\/index.php?rest_route=%2Fwp%2Fv2%2Fcomments&post=42"}],"version-history":[{"count":5,"href":"https:\/\/debienconcept.com\/index.php?rest_route=\/wp\/v2\/pages\/42\/revisions"}],"predecessor-version":[{"id":271,"href":"https:\/\/debienconcept.com\/index.php?rest_route=\/wp\/v2\/pages\/42\/revisions\/271"}],"up":[{"embeddable":true,"href":"https:\/\/debienconcept.com\/index.php?rest_route=\/wp\/v2\/pages\/65"}],"wp:featuredmedia":[{"embeddable":true,"href":"https:\/\/debienconcept.com\/index.php?rest_route=\/wp\/v2\/media\/46"}],"wp:attachment":[{"href":"https:\/\/debienconcept.com\/index.php?rest_route=%2Fwp%2Fv2%2Fmedia&parent=42"}],"curies":[{"name":"wp","href":"https:\/\/api.w.org\/{rel}","templated":true}]}}